{"id":635,"date":"2021-04-01T14:39:54","date_gmt":"2021-04-01T13:39:54","guid":{"rendered":"https:\/\/www.pladway.com\/privacy-policy\/"},"modified":"2023-06-05T12:39:29","modified_gmt":"2023-06-05T10:39:29","slug":"privacy-policy","status":"publish","type":"page","link":"https:\/\/www.pladway.com\/it\/privacy-policy\/","title":{"rendered":"Privacy Policy"},"content":{"rendered":"<p><strong>Informativa per il trattamento dei dati personali <\/strong><strong>ai sensi dell\u2019art. 13 del Regolamento (UE) n. 2016\/679<\/strong><\/p>\n<p><span style=\"font-size: 1rem;\">La presente informativa ha lo scopo di descrivere le modalit\u00e0 di gestione dei dati personali tramite il sito web \u201cwww.pladway.com\u201d (nel seguito il \u201c<\/span><strong style=\"font-size: 1rem;\">Sito Internet<\/strong><span style=\"font-size: 1rem;\">\u201d) con riferimento agli utenti che lo utilizzano.<\/span><\/p>\n<p><strong>Pladway S.r.l., <\/strong>intende garantire che il trattamento dei dati personali di ciascun visitatore del Sito Internet, effettuato con qualsiasi modalit\u00e0, sia automatizzata che manuale, avvenga nel pieno rispetto delle tutele e dei diritti riconosciuti dal Regolamento (UE) 2016\/679 del Parlamento Europeo e del Consiglio, del 27 aprile 2016, relativo alla protezione delle persone fisiche con riguardo al trattamento dei dati personali, nonch\u00e9 alla libera circolazione di tali dati (nel seguito \u201c<strong>GDPR<\/strong>\u201d) e dalle ulteriori norme applicabili in tema di protezione dei dati personali, anche in relazione ad accessi internet effettuati dall\u2019estero, coerentemente con quanto prescritto nella presente informativa.<\/p>\n<p>Laddove non diversamente indicato e normato da una specifica informativa sul trattamento dei dati personali resa ai sensi dell\u2019articolo 13 del GDPR, la presente informativa dovr\u00e0 intendersi anche quale documento volto a fornire indicazioni proprie di cui agli articoli 13 e 14 del GDPR a coloro che si trovino a navigare sul Sito Internet ed interagiscano con il titolare del trattamento per il tramite dei servizi offerti dallo stesso Sito Internet.<\/p>\n<p>Si precisa che la presente informativa \u00e8 applicabile esclusivamente al Sito Internet di Pladway S.r.l. e non si riferisce ad ulteriori siti internet eventualmente consultati dall\u2019utente nel corso della propria navigazione cliccando su link e\/o banner presenti sul Sito Internet.<\/p>\n<ol>\n<li><strong>Titolare del trattamento e Responsabile per la protezione dei dati<\/strong><\/li>\n<\/ol>\n<p>Titolare del trattamento: Pladway S.r.l., nella persona del legale rappresentante pro tempore, con sede legale a Via Fra&#8217; Luca Pacioli, 3 &#8211; 20144 Milano \u2013 Italia, e-mail: info@voilap.com, C.F. \/ p. IVA 10251710967.<\/p>\n<p>Responsabile per la protezione dei dati (DPO): dott. Donato Eugenio Caccavella, indirizzo e-mail:\u00a0<a href=\"https:\/\/www.voilapholding.com\/it\/pagina\/dpo.voilap@amicadpo.eu\">dpo.voilap@amicadpo.eu<\/a><\/p>\n<ol start=\"2\">\n<li><strong>Tipologia di dati trattati, finalit\u00e0 del trattamento e base giuridica relative alla navigazione sul Sito Internet<\/strong><\/li>\n<\/ol>\n<p>Il nostro Sito Internet offre contenuti di tipo informativo e, talvolta, interattivo. Durante la navigazione si possono quindi acquisire informazioni sull\u2019utente, nei seguenti modi:<\/p>\n<ul>\n<li>Dati di navigazione<\/li>\n<\/ul>\n<p>I sistemi informatici e le procedure software preposte al funzionamento del Sito Internet acquisiscono, nel corso del loro normale esercizio, alcuni dati personali la cui trasmissione \u00e8 implicita nell\u2019uso dei protocolli di comunicazione di Internet.<\/p>\n<p>In questa categoria di dati rientrano: gli indirizzi IP, il tipo di browser utilizzato, il sistema operativo, il nome di dominio e gli indirizzi di siti internet dai quali \u00e8 stato effettuato l\u2019accesso o l\u2019uscita, le informazioni sulle pagine visitate dagli utenti all\u2019interno del sito, l\u2019orario d\u2019accesso, la permanenza sulla singola pagina, l\u2019analisi di percorso interno e altri parametri relativi al sistema operativo e all\u2019ambiente informatico dell\u2019utente.<\/p>\n<p>Base giuridica: l\u2019interesse legittimo del Titolare alla gestione e amministrazione del sito nonch\u00e9 al miglioramento e sviluppo dei servizi forniti on line, ai sensi dell\u2019art. 6 par.1 lett. f).<\/p>\n<ul>\n<li>Dati forniti volontariamente dal visitatore<\/li>\n<\/ul>\n<p>&nbsp;<\/p>\n<p>Si tratta di tutti quei dati personali rilasciati liberamente dal visitatore sul Sito Internet, per esempio, per registrarsi e\/o accedere a un\u2019area riservata, richiedere informazioni su un determinato prodotto o servizio tramite un form o usufruire del servizio di newsletter offerto dalla Societ\u00e0. Il trattamento di tali dati personali sar\u00e0 effettuato sulla base di tutte le informazioni contenute nelle specifiche informative rese ai sensi degli articoli 13 e 14 del GDPR dal titolare del trattamento all\u2019atto di conferimento dei dati personali in sede di registrazione come richiesti negli appositi form.<\/p>\n<p>Base giuridica: I trattamenti posti in essere per questa finalit\u00e0 si basano sull\u2019esecuzione di un contratto o misure pre-contrattuali, ai sensi dell\u2019art. 6 par. 1 lett. b). Per il servizio di newsletter la relativa base giuridica \u00e8 il consenso liberamente prestato dall\u2019interessato, ai sensi dell\u2019art. 6 par.1 lett. a).<\/p>\n<ul>\n<li>Cookie<\/li>\n<\/ul>\n<p>In alcuni ed ulteriori casi potranno essere trattati dati personali per finalit\u00e0 di profilazione raccolti dai cookies. Il trattamento di tali dati personali sar\u00e0 condotto sulla base di quanto indicato all\u2019interno della cookie policy presente sul Sito Internet nella specifica sezione Cookie Policy nei limiti del consenso da Lei eventualmente fornito, ai sensi dell\u2019art. 6 par. 1 lett. a) del GDPR.<\/p>\n<p>Base giuridica: la relativa base giuridica per i cookies non tecnici \u00e8 il consenso liberamente prestato dall\u2019interessato, ai sensi dell\u2019art. 6 par.1 lett. a).<\/p>\n<ol start=\"3\">\n<li><strong>Modalit\u00e0 di trattamento e trasferimento dei dati <\/strong><\/li>\n<\/ol>\n<p>Il trattamento dei dati personali avviene attraverso strumenti informatici idonei a garantire la sicurezza e la riservatezza dei dati stessi e nel rispetto di misure di sicurezza ritenute adeguate dal Titolare ai sensi dell&#8217;art. 32 GDPR, mediante i protocolli di comunicazione sicuri con algoritmi di criptazione SSL.<\/p>\n<p>I dati potranno essere trattati in forma anche automatizzata, con o senza l&#8217;utilizzo di strumenti elettronici (tra i quali e-mail, fax, telefono ed ogni altra tecnologia di comunicazione a distanza) secondo principi di correttezza, liceit\u00e0, trasparenza.<\/p>\n<p>Inoltre, i dati personali potranno essere trattati da personale autorizzato e\/o amministratori di sistema che abbiano necessit\u00e0 di averne conoscenza in funzione della propria attivit\u00e0 o da soggetti esterni che svolgono servizi per conto del Titolare (ad esempio l\u2019attivit\u00e0 di gestione del sistema informatico, agenzie e societ\u00e0 di comunicazione) adeguatamente nominati responsabili del trattamento o che agiscono in qualit\u00e0 di titolari autonomi.<\/p>\n<p>I dati potrebbero essere trasferiti verso un paese terzo sulla base delle decisioni di adeguatezza della Commissione Europea ovvero sulla base di adeguate garanzie previste dalla normativa vigente.<\/p>\n<ol start=\"4\">\n<li><strong>Redirect verso siti esterni<\/strong><\/li>\n<\/ol>\n<p>Il Sito Internet pu\u00f2 utilizzare i c.d. \u201csocial plug-in\u201d. I social plug-in sono speciali strumenti che permettono di incorporare le funzionalit\u00e0 del social network direttamente all\u2019interno del Sito Internet (per es. la funzione \u201cmi piace\u201d di Facebook).<\/p>\n<p>Tutti i social plug-in presenti sul Sito Internet sono contrassegnati dal rispettivo logo di propriet\u00e0 della piattaforma di social network.<\/p>\n<p>Quando si visita una pagina del Sito Internet e si interagisce con il plug-in (per es. cliccando il pulsante \u201cmi piace\u201d), le corrispondenti informazioni vengono trasmesse dal browser direttamente alla piattaforma di social network (in questo caso Facebook) e da questo memorizzate.<\/p>\n<p>Per informazioni sulle finalit\u00e0, il tipo e le modalit\u00e0 di raccolta, elaborazione, utilizzo e conservazione dei dati personali da parte della piattaforma di social network, nonch\u00e9 per le modalit\u00e0 attraverso cui esercitare i propri diritti, si prega di consultare la privacy policy del singolo social network.<\/p>\n<ol start=\"5\">\n<li><strong>Periodo di conservazione<\/strong><\/li>\n<\/ol>\n<p>I dati personali raccolti saranno conservati, conformemente all\u2019articolo 5 del GDPR, per un periodo di tempo non superiore a quello necessario al conseguimento delle finalit\u00e0 per le quali sono raccolti e per il tempo massimo previsto dalla normativa. In particolare, i dati personali saranno trattati per un periodo di tempo pari al minimo necessario, come indicato dal Considerando 39 del GDPR, ossia fino alla cessazione dei rapporti in essere tra l\u2019interessato ed il titolare del trattamento fatto salvo un ulteriore periodo di conservazione che potr\u00e0 essere imposto da norme di legge come anche previsto dal Considerando 65 del GDPR.<\/p>\n<p>Maggiori dettagli sugli specifici periodi di conservazione in relazione ai singoli trattamenti Le saranno forniti all\u2019interno delle informative rese, ai sensi degli artt. 13 e 14 del GDPR, all\u2019atto di conferimento dei dati personali in sede di registrazione come richiesti negli appositi form.<\/p>\n<ol start=\"6\">\n<li><strong>Diritti degli interessati<\/strong><\/li>\n<\/ol>\n<p>Come previsto dall\u2019articolo 15 del GDPR, l\u2019interessato pu\u00f2 accedere ai propri dati personali, chiederne la rettifica e l\u2019aggiornamento, se incompleti o erronei, chiederne la cancellazione qualora la raccolta sia avvenuta in violazione di una legge o regolamento, nonch\u00e9 opporsi al Trattamento per motivi legittimi e specifici.<\/p>\n<p>In particolare, riportiamo di seguito tutti i diritti che si possono esercitare, in qualsiasi momento, nei confronti del titolare del trattamento:<\/p>\n<ul>\n<li>Diritto di accesso: il diritto, a norma dell\u2019articolo 15, comma 1 del GDPR, di ottenere dal titolare del trattamento la conferma che sia o meno in corso un trattamento dei dati personali e in tal caso, di ottenere l\u2019accesso a tali dati personali ed alle seguenti informazioni: a) le finalit\u00e0 del trattamento; b) le categorie di dati personali in questione; c) i destinatari o le categorie di destinatari a cui i dati personali sono stati o saranno comunicati, in particolare se destinatari di paesi terzi o organizzazioni internazionali; d) quando possibile, il periodo di conservazione dei dati personali previsto oppure, se non \u00e8 possibile, i criteri utilizzati per determinare tale periodo; e) l\u2019esistenza del diritto dell\u2019interessato di chiedere al titolare del trattamento la rettifica o la cancellazione dei dati personali o la limitazione del trattamento dei dati personali che lo riguardano o di opporsi al loro trattamento; f) il diritto di proporre reclamo a un\u2019autorit\u00e0 di controllo; g) qualora i dati personali non siano raccolti presso l\u2019interessato, tutte le informazioni disponibili sulla loro origine; h) l\u2019esistenza di un processo decisionale automatizzato, compresa la profilazione di cui all\u2019articolo 22, commi 1 e 4, del GDPR e, almeno in tali casi, informazioni significative sulla logica utilizzata, nonch\u00e9 l\u2019importanza e le conseguenze previste di tale trattamento per l\u2019interessato.<\/li>\n<li>Diritto di rettifica: diritto ad ottenere, a norma dell\u2019articolo 16 del GDPR, la rettifica dei dati personali che risultino inesatti, tenuto conto delle finalit\u00e0 del trattamento, inoltre, \u00e8 possibile ottenere l\u2019integrazione dei dati personali che risultino incompleti, anche fornendo una dichiarazione integrativa.<\/li>\n<li>Diritto alla cancellazione: diritto ad ottenere, a norma dell\u2019articolo 17, comma 1 del GDPR, la cancellazione dei dati personali senza ingiustificato ritardo ed il titolare del trattamento avr\u00e0 l\u2019obbligo di cancellare i suoi dati personali, qualora sussista anche solo uno dei seguenti motivi: a) i dati personali non sono pi\u00f9 necessari rispetto alle finalit\u00e0 per le quali sono stati raccolti o altrimenti trattati; b) ha provveduto a revocare il consenso su cui si basa il trattamento dei suoi dati personali e non sussiste altro fondamento giuridico per il loro Trattamento; c) l\u2019interessato si \u00e8 opposto al trattamento ai sensi dell\u2019articolo 21, comma 1 o 2 del GDPR e non sussiste pi\u00f9 alcun motivo legittimo prevalente per procedere al trattamento dei dati personali; d) i dati personali sono stati trattati illecitamente; e) risulta necessario cancellare i dati personali per adempiere ad un obbligo di legge previsto da una norma comunitaria o di diritto interno. In alcuni casi, come previsto dall\u2019articolo 17, comma 3 del GDPR, il titolare del trattamento \u00e8 legittimato a non provvedere alla cancellazione dei suoi dati personali qualora il loro trattamento sia necessario, ad esempio, per l\u2019esercizio del diritto alla libert\u00e0 di espressione e di informazione, per l\u2019adempimento di un obbligo di legge, per motivi di interesse pubblico, per fini di archiviazione nel pubblico interesse, di ricerca scientifica o storica o a fini statistici, per l\u2019accertamento, l\u2019esercizio o la difesa di un diritto in sede giudiziaria.<\/li>\n<li>Diritto di limitazione del trattamento: diritto ad ottenere la limitazione del trattamento, a norma dell\u2019articolo 18 del GDPR, nel caso in cui ricorra una delle seguenti ipotesi, l\u2019interessato: a) ha contestato l\u2019esattezza dei suoi dati personali (la limitazione si protrarr\u00e0 per il periodo necessario al titolare del trattamento per verificare l\u2019esattezza di tali dati personali); b) il trattamento \u00e8 illecito ma si \u00e8 opposto alla cancellazione dei suoi dati personali chiedendone, invece, che ne sia limitato l\u2019utilizzo; c) bench\u00e9 il titolare del trattamento non ne abbia pi\u00f9 bisogno ai fini del trattamento, i dati personali servono per l\u2019accertamento, l\u2019esercizio o la difesa di un diritto in sede giudiziaria; d) si \u00e8 opposto al trattamento ai sensi dell\u2019articolo 21, comma 1, del GDPR ed \u00e8 in attesa della verifica in merito all\u2019eventuale prevalenza dei motivi legittimi del titolare del trattamento rispetto ai suoi. In caso di limitazione del trattamento, i dati personali saranno trattati, salvo che per la conservazione, soltanto con il consenso o per l\u2019accertamento, l\u2019esercizio o la difesa di un diritto in sede giudiziaria oppure per tutelare i diritti di un\u2019altra persona fisica o giuridica o per motivi di interesse pubblico rilevante.<\/li>\n<li>Diritto alla portabilit\u00e0 dei dati: diritto a richiedere in qualsiasi momento e ricevere, a norma dell\u2019articolo 20, comma 1 del GDPR, tutti i dati personali trattati dal titolare del trattamento in un formato strutturato, di uso comune e leggibile oppure richiederne la trasmissione ad altro titolare del trattamento senza impedimenti. In questo caso, sar\u00e0 cura dell\u2019interessato fornire tutti gli estremi esatti del nuovo titolare del trattamento a cui intende trasferire i propri dati personali fornendo autorizzazione scritta.<\/li>\n<li>Diritto di opposizione: a norma dell\u2019articolo 21, comma 2 del GDPR e come anche ribadito dal Considerando 70, \u00e8 possibile opporsi, in qualsiasi momento, al trattamento dei propri dati personali qualora questi vengano trattati per finalit\u00e0 di marketing diretto, compresa la profilazione nella misura in cui sia connessa a tale marketing diretto.<\/li>\n<li>Diritto di proporre un reclamo all\u2019autorit\u00e0 di controllo: fatto salvo il diritto di ricorrere in ogni altra sede amministrativa o giurisdizionale, qualora si ritenga che il trattamento dei dati personali condotto dal titolare del trattamento avvenga in violazione del GDPR e\/o della normativa applicabile \u00e8 possibile proporre reclamo al Garante per la Protezione dei Dati Personali.<\/li>\n<\/ul>\n<p>Per esercitare tutti i diritti come sopra identificati, baster\u00e0 contattare il titolare del trattamento o il DPO al seguente indirizzo e-mail: dpo.voilap@amicadpo.eu<\/p>\n<ol start=\"7\">\n<li><strong>Dati personali dei minori<\/strong><\/li>\n<\/ol>\n<p>I servizi di questo sito sono rivolti a un pubblico generale e non sono destinati a minori di et\u00e0 inferiore ai 14 anni. Il Titolare non raccoglie consapevolmente dati personali da parte degli utenti al di sotto di questa fascia di et\u00e0. In caso di rilascio di dati personali appartenenti ad un minore di anni 14, il Titolare provveder\u00e0 immediatamente alla loro cancellazione.<\/p>\n<ol start=\"8\">\n<li><strong>Modifiche della presente informativa<\/strong><\/li>\n<\/ol>\n<p>La presente informativa \u00e8 applicabile al Sito Internet dalla sua pubblicazione e integra e completa le informative sul trattamento dei dati rese in ogni singola fase di raccolta. L\u2019eventuale entrata in vigore di nuove normative di settore, come anche il costante esame e aggiornamento delle condizioni generali di utilizzo del Sito Internet, potrebbe comportare la necessit\u00e0 di variare tali modalit\u00e0. \u00c8 pertanto possibile che la presente informativa subisca modifiche nel tempo e invitiamo, pertanto, ciascun utente a consultare periodicamente questa pagina. Resta sin d\u2019ora inteso che ogni variazione delle informative sul trattamento dei dati rese in fase di raccolta saranno comunicate a ciascun soggetto interessato dal titolare del trattamento nelle modalit\u00e0 da quest\u2019ultimo individuate.<\/p>\n<p>&nbsp;<\/p>\n","protected":false},"excerpt":{"rendered":"<p>Informativa per il trattamento dei dati personali ai sensi dell\u2019art. 13 del Regolamento (UE) n. 2016\/679 La presente informativa ha lo scopo di descrivere le modalit\u00e0 di gestione dei dati personali tramite il sito web \u201cwww.pladway.com\u201d (nel seguito il \u201cSito Internet\u201d) con riferimento agli utenti che lo utilizzano. Pladway S.r.l., intende garantire che il trattamento [&hellip;]<\/p>\n","protected":false},"author":1,"featured_media":0,"parent":0,"menu_order":0,"comment_status":"closed","ping_status":"closed","template":"page-fullwidth-nochild.php","meta":{"footnotes":""},"class_list":["post-635","page","type-page","status-publish","hentry"],"yoast_head":"<!-- This site is optimized with the Yoast SEO plugin v22.2 - https:\/\/yoast.com\/wordpress\/plugins\/seo\/ -->\n<title>Privacy Policy - Pladway<\/title>\n<meta name=\"robots\" content=\"index, follow, max-snippet:-1, max-image-preview:large, max-video-preview:-1\" \/>\n<link rel=\"canonical\" href=\"https:\/\/www.pladway.com\/it\/privacy-policy\/\" \/>\n<meta property=\"og:locale\" content=\"it_IT\" \/>\n<meta property=\"og:type\" content=\"article\" \/>\n<meta property=\"og:title\" content=\"Privacy Policy - Pladway\" \/>\n<meta property=\"og:description\" content=\"Informativa per il trattamento dei dati personali ai sensi dell\u2019art. 13 del Regolamento (UE) n. 2016\/679 La presente informativa ha lo scopo di descrivere le modalit\u00e0 di gestione dei dati personali tramite il sito web \u201cwww.pladway.com\u201d (nel seguito il \u201cSito Internet\u201d) con riferimento agli utenti che lo utilizzano. Pladway S.r.l., intende garantire che il trattamento [&hellip;]\" \/>\n<meta property=\"og:url\" content=\"https:\/\/www.pladway.com\/it\/privacy-policy\/\" \/>\n<meta property=\"og:site_name\" content=\"Pladway\" \/>\n<meta property=\"article:modified_time\" content=\"2023-06-05T10:39:29+00:00\" \/>\n<meta name=\"twitter:card\" content=\"summary_large_image\" \/>\n<meta name=\"twitter:site\" content=\"@pladwaysrl\" \/>\n<meta name=\"twitter:label1\" content=\"Tempo di lettura stimato\" \/>\n\t<meta name=\"twitter:data1\" content=\"11 minuti\" \/>\n<script type=\"application\/ld+json\" class=\"yoast-schema-graph\">{\"@context\":\"https:\/\/schema.org\",\"@graph\":[{\"@type\":\"WebPage\",\"@id\":\"https:\/\/www.pladway.com\/it\/privacy-policy\/\",\"url\":\"https:\/\/www.pladway.com\/it\/privacy-policy\/\",\"name\":\"Privacy Policy - Pladway\",\"isPartOf\":{\"@id\":\"https:\/\/pladway.com\/#website\"},\"datePublished\":\"2021-04-01T13:39:54+00:00\",\"dateModified\":\"2023-06-05T10:39:29+00:00\",\"inLanguage\":\"it-IT\",\"potentialAction\":[{\"@type\":\"ReadAction\",\"target\":[\"https:\/\/www.pladway.com\/it\/privacy-policy\/\"]}]},{\"@type\":\"WebSite\",\"@id\":\"https:\/\/pladway.com\/#website\",\"url\":\"https:\/\/pladway.com\/\",\"name\":\"Pladway\",\"description\":\"The new fullstack for DOOH\",\"publisher\":{\"@id\":\"https:\/\/pladway.com\/#organization\"},\"potentialAction\":[{\"@type\":\"SearchAction\",\"target\":{\"@type\":\"EntryPoint\",\"urlTemplate\":\"https:\/\/pladway.com\/?s={search_term_string}\"},\"query-input\":\"required name=search_term_string\"}],\"inLanguage\":\"it-IT\"},{\"@type\":\"Organization\",\"@id\":\"https:\/\/pladway.com\/#organization\",\"name\":\"Pladway\",\"url\":\"https:\/\/pladway.com\/\",\"logo\":{\"@type\":\"ImageObject\",\"inLanguage\":\"it-IT\",\"@id\":\"https:\/\/pladway.com\/#\/schema\/logo\/image\/\",\"url\":\"https:\/\/www.pladway.com\/wp-content\/uploads\/2021\/04\/logoPW.png\",\"contentUrl\":\"https:\/\/www.pladway.com\/wp-content\/uploads\/2021\/04\/logoPW.png\",\"width\":800,\"height\":96,\"caption\":\"Pladway\"},\"image\":{\"@id\":\"https:\/\/pladway.com\/#\/schema\/logo\/image\/\"},\"sameAs\":[\"https:\/\/twitter.com\/pladwaysrl\",\"https:\/\/www.linkedin.com\/company\/pladway\/\"]}]}<\/script>\n<!-- \/ Yoast SEO plugin. -->","yoast_head_json":{"title":"Privacy Policy - Pladway","robots":{"index":"index","follow":"follow","max-snippet":"max-snippet:-1","max-image-preview":"max-image-preview:large","max-video-preview":"max-video-preview:-1"},"canonical":"https:\/\/www.pladway.com\/it\/privacy-policy\/","og_locale":"it_IT","og_type":"article","og_title":"Privacy Policy - Pladway","og_description":"Informativa per il trattamento dei dati personali ai sensi dell\u2019art. 13 del Regolamento (UE) n. 2016\/679 La presente informativa ha lo scopo di descrivere le modalit\u00e0 di gestione dei dati personali tramite il sito web \u201cwww.pladway.com\u201d (nel seguito il \u201cSito Internet\u201d) con riferimento agli utenti che lo utilizzano. Pladway S.r.l., intende garantire che il trattamento [&hellip;]","og_url":"https:\/\/www.pladway.com\/it\/privacy-policy\/","og_site_name":"Pladway","article_modified_time":"2023-06-05T10:39:29+00:00","twitter_card":"summary_large_image","twitter_site":"@pladwaysrl","twitter_misc":{"Tempo di lettura stimato":"11 minuti"},"schema":{"@context":"https:\/\/schema.org","@graph":[{"@type":"WebPage","@id":"https:\/\/www.pladway.com\/it\/privacy-policy\/","url":"https:\/\/www.pladway.com\/it\/privacy-policy\/","name":"Privacy Policy - Pladway","isPartOf":{"@id":"https:\/\/pladway.com\/#website"},"datePublished":"2021-04-01T13:39:54+00:00","dateModified":"2023-06-05T10:39:29+00:00","inLanguage":"it-IT","potentialAction":[{"@type":"ReadAction","target":["https:\/\/www.pladway.com\/it\/privacy-policy\/"]}]},{"@type":"WebSite","@id":"https:\/\/pladway.com\/#website","url":"https:\/\/pladway.com\/","name":"Pladway","description":"The new fullstack for DOOH","publisher":{"@id":"https:\/\/pladway.com\/#organization"},"potentialAction":[{"@type":"SearchAction","target":{"@type":"EntryPoint","urlTemplate":"https:\/\/pladway.com\/?s={search_term_string}"},"query-input":"required name=search_term_string"}],"inLanguage":"it-IT"},{"@type":"Organization","@id":"https:\/\/pladway.com\/#organization","name":"Pladway","url":"https:\/\/pladway.com\/","logo":{"@type":"ImageObject","inLanguage":"it-IT","@id":"https:\/\/pladway.com\/#\/schema\/logo\/image\/","url":"https:\/\/www.pladway.com\/wp-content\/uploads\/2021\/04\/logoPW.png","contentUrl":"https:\/\/www.pladway.com\/wp-content\/uploads\/2021\/04\/logoPW.png","width":800,"height":96,"caption":"Pladway"},"image":{"@id":"https:\/\/pladway.com\/#\/schema\/logo\/image\/"},"sameAs":["https:\/\/twitter.com\/pladwaysrl","https:\/\/www.linkedin.com\/company\/pladway\/"]}]}},"_links":{"self":[{"href":"https:\/\/www.pladway.com\/it\/wp-json\/wp\/v2\/pages\/635","targetHints":{"allow":["GET"]}}],"collection":[{"href":"https:\/\/www.pladway.com\/it\/wp-json\/wp\/v2\/pages"}],"about":[{"href":"https:\/\/www.pladway.com\/it\/wp-json\/wp\/v2\/types\/page"}],"author":[{"embeddable":true,"href":"https:\/\/www.pladway.com\/it\/wp-json\/wp\/v2\/users\/1"}],"replies":[{"embeddable":true,"href":"https:\/\/www.pladway.com\/it\/wp-json\/wp\/v2\/comments?post=635"}],"version-history":[{"count":5,"href":"https:\/\/www.pladway.com\/it\/wp-json\/wp\/v2\/pages\/635\/revisions"}],"predecessor-version":[{"id":1171,"href":"https:\/\/www.pladway.com\/it\/wp-json\/wp\/v2\/pages\/635\/revisions\/1171"}],"wp:attachment":[{"href":"https:\/\/www.pladway.com\/it\/wp-json\/wp\/v2\/media?parent=635"}],"curies":[{"name":"wp","href":"https:\/\/api.w.org\/{rel}","templated":true}]}}